{"id":720,"date":"2026-02-15T21:05:02","date_gmt":"2026-02-15T21:05:02","guid":{"rendered":"https:\/\/www.jeremieprou.fr\/?page_id=720"},"modified":"2026-03-18T21:18:40","modified_gmt":"2026-03-18T21:18:40","slug":"emergences-2","status":"publish","type":"page","link":"https:\/\/www.jeremieprou.fr\/index.php\/emergences-2\/","title":{"rendered":"\u00c9mergences"},"content":{"rendered":"<div class=\"wp-block-emergence\" id=\"block-emergence\">\n\n<!-- --------------------------------------------------------------- -->\n             <!-- Alexandrins pour s'aider \u00e0 grandir -->\n\n<details>\n<summary>\n<h2 class=\"wp-block-heading has-text-align-center\">Alexandrins pour s&rsquo;aider \u00e0 grandir<\/h2>\n<\/summary>\n\n<p class=\"has-text-align-center\">Enfant on m&rsquo;a dit que je devais bien faire<br>Mais rapidement c&rsquo;est devenu un enfer<br>Les d\u00e9sirs des autres, la peur de d\u00e9cevoir<br>Quitter ce dessin noir, s&rsquo;affranchir du devoir<\/p>\n\n<p class=\"has-text-align-center\">Vers de nouveaux chemins, d\u2019une voix lumineuse<br>\u00c9viter qu&rsquo;\u00e0 la fin la mine soit hideuse<br>Du visage marqu\u00e9, souvenir qui se plaint<br>Aux rides rieuses et au regard vif et plein<\/p>\n\n<p class=\"has-text-align-center\">Les passions enferm\u00e9es dans le corps fermentent<br>Des l\u00e8vres qui disent mais des \u00eatres qui mentent<br>En laissant s&rsquo;exprimer une vie se d\u00e9voile<br>Nullement r\u00e9prim\u00e9e, l&rsquo;envie d\u00e9ploie ses voiles<\/p>\n\n<p class=\"has-text-align-center\">Le deuil d&rsquo;une attache issue d&rsquo;une d\u00e9pendance<br>Se hisse et s&rsquo;arrache, se transformant en danse<br>La vie se comble elle-m\u00eame, emplie de la conscience<br>Embrasser et bercer, assurer la confiance<\/p>\n\n<p class=\"has-text-align-center\">Quand l&rsquo;enfant devient parent et inversement<br>Le ciel devient terre, c&rsquo;est un renversement<br>Du jour au lendemain responsable d&rsquo;autrui<br>Balay\u00e9 d&rsquo;une main, le tout se reconstruit<\/p>\n<p class=\"has-text-align-right\">JP<\/p>\n<\/details>\n\n<!-- --------------------------------------------------------------- -->\n             <!-- Mensonge converti en songe -->\n\n<details>\n<summary>\n<h2 class=\"wp-block-heading has-text-align-center\">Mensonge converti en songe<\/h2>\n<\/summary>\n<p class=\"has-text-align-center\">Se laisser traverser, trouver en soi l&rsquo;aversion,<br \/>La version des hommes, de croire \u00e0 l&rsquo;unisson,<br \/>D&rsquo;un r\u00e9el averti ou d&rsquo;un mensonge converti en songe,<br \/>Comme le singe trouve les fruits au hasard d&rsquo;un chemin.<\/p>\n<p class=\"has-text-align-center\">Chavirant, le navire coule,<br \/>Mais au fond de son oc\u00e9an, c&rsquo;est la surface,<br \/>O\u00f9 se l\u00e8ve le soleil sur un autre horizon.<\/p>\n<p class=\"has-text-align-center\">Les ombres des formes d&rsquo;antan glissent,<br \/>Sans bruits sous la houle trouble.<br \/>Le chant d&rsquo;ici r\u00e8gne plus vrai,<br \/>En attirant ce qui est d\u00e9j\u00e0 l\u00e0,<br \/>Car c&rsquo;est du son que na\u00eet le silence,<br \/>Du sens que na\u00eet la trame,<br \/>Des \u00e9toiles que na\u00eet le ciel.<\/p>\n<p class=\"has-text-align-center\">Par bourgeonnement et inflorescences infinis,<br \/>Se cr\u00e9ent milles formes qui fourmillent,<br \/>Chaque unit\u00e9, se d\u00e9composant en impermanence.<\/p>\n<p class=\"has-text-align-center\">Alors on tient la barre,<br \/>D&rsquo;un navire qui flotte tout seul.<br \/>Et c&rsquo;est dans l&rsquo;illusion de notre cap,<br \/>Que r\u00e9appara\u00eet flamboyant,<br \/>Chaque matin, le lever d&rsquo;un m\u00eame jour,<br \/>Sur un oc\u00e9an toujours nouveau<\/p>\n<p class=\"has-text-align-right\">JP<\/p>\n<\/details>\n\n<!-- ------------------------------------------------------------- -->\n             <!-- Sortie de l'\u00e9cole -->\n\n<details>\n<summary>\n<h2 class=\"wp-block-heading has-text-align-center\">Sortie de l&rsquo;\u00e9cole<\/h2>\n<\/summary>\n\n\n<div class=\"wp-block-columns is-layout-flex wp-container-core-columns-is-layout-9d6595d7 wp-block-columns-is-layout-flex\">\n\n\n<div class=\"wp-block-column is-layout-flow wp-block-column-is-layout-flow\" style=\"flex-basis:50.00%\">\n\n<p class=\"has-text-align-center\">Partir en roues libres<br>L\u00e2cher tout, l\u00e2cher prise<br>La terre tourne et vibre<br>Toute seule, quelle surprise !<\/p>\n<p class=\"has-text-align-center\">N\u00e9 dans le sens du vent<br>Port\u00e9 par ses courants<br>Dans les airs se mouvant<br>Un instant savourant<\/p>\n<p class=\"has-text-align-center\">Mais l\u00e0 il faut rentrer<br>Sortir de mes r\u00eaveries<br>Il faut se concentrer<br>Retourner aux singeries<\/p>\n<p class=\"has-text-align-center\">Toujours en examen<br>Les voies donnent leurs avis<br>C&rsquo;est le pain quotidien<br>L&rsquo;analyse de ma vie<\/p>\n<p class=\"has-text-align-center\">Et des heures durant<br>Revoir ce qui d\u00e9roge<br>Correcteur raturant<br>En rouge ce qui d\u00e9range<\/p><\/p><\/p>\n<\/div>\n\n\n<div class=\"wp-block-column\" style=\"flex-basis:50.00%\">\n\n<p class=\"has-text-align-center\">L&rsquo;irrationalit\u00e9<br>Ce que je vois en songes<br>C&rsquo;est la r\u00e9alit\u00e9<br>L&rsquo;\u00e9nonc\u00e9, un mensonge<\/p>\n<p class=\"has-text-align-center\">L&rsquo;id\u00e9e me p\u00e9trifie<br>D\u00e9poser l&rsquo;exigence<br>Stylo qui justifie<br>Mon tout, mon existence<\/p>\n<p class=\"has-text-align-center\">\u00c0 la prochaine question<br>Une r\u00e9ponse os\u00e9e<br>Forme de perfection<br>Un blanc immacul\u00e9<\/p>\n<p class=\"has-text-align-center\">Avant l&rsquo;ultime r\u00e9pit<br>\u00c9lan de biens\u00e9ance<br>Je relis ma copie<br>L\u00e0 o\u00f9 le bien s&rsquo;\u00e9nonce<\/p>\n<p class=\"has-text-align-center\">Des gestes et des paroles<br>Griffonn\u00e9s, insens\u00e9s<br>Toute une farandole<br>Qu&rsquo;il est temps de cesser.<\/p>\n<p class=\"has-text-align-right\">JP<\/p>\n<\/div>\n\n<\/div>\n<!-- \/wp:post-content -->\n\n<\/details>\n\n<!-- ------------------------------------------------------------------------ -->\n             <!-- Incarnation -->\n\n<details>\n<summary>\n<h2 class=\"wp-block-heading has-text-align-center\">Incarnation<\/h2>\n<\/summary>\n\n<p class=\"has-text-align-center\">L&rsquo;odyss\u00e9e d&rsquo;une perle de ros\u00e9e foule en folie son monde en chevauchant la joie.<br>Se noyant en elle-m\u00eame, elle se fond dans l&rsquo;air.<br>D\u00e9compos\u00e9e de sa coh\u00e9rence, elle r\u00e9appara\u00eet autrement.<br>Consciente de son inconscience, elle jouit, ravie de sombrer \u00e0 nouveau.<\/p>\n\n<p class=\"has-text-align-center\">Puis, soudain prise d&rsquo;envie, elle se joint \u00e0 une masse de mol\u00e9cules.<br>D&rsquo;abord informe, les composants interagissent, engendrant les couleurs de la lumi\u00e8re cr\u00e9\u00e9e par le contact.<br>Cela rayonne et la goutte trouve le go\u00fbt.<br>Plaisant en substance, les sens prennent vie \u00e0 la surface, c&rsquo;est une interface.<\/p>\n\n<p class=\"has-text-align-center\">Un dedans vient de se cr\u00e9er, il est diff\u00e9rent du dehors.<br>Alors de grandes vagues se d\u00e9versent en elles-m\u00eames.<br>Ce ph\u00e9nom\u00e8ne nouveau donne une direction \u00e0 la forme, ce qui restreint ses mouvements.<br>Au d\u00e9but elle s&rsquo;agace, se contracte sur sa surface.<\/p>\n\n<p class=\"has-text-align-center\">Elle court vers nulle part, saisie de la panique d&rsquo;\u00eatre coinc\u00e9e \u00e0 jamais dans l&rsquo;immensit\u00e9 d&rsquo;un trop petit espace r\u00e9duit.<br>En courant d&rsquo;accrocs et en \u00e9corchures, elle fr\u00f4le des sensations diff\u00e9rentes.<br>Certaines sont plus singuli\u00e8res et lui inspirent un soulagement dans sa nostalgie de n&rsquo;\u00eatre personne.<br>Une incoh\u00e9rence dans son monde la torture : pourquoi est-ce que tout s&rsquo;accroche alors que c&rsquo;est si plaisant de s&rsquo;\u00e9vaporer ?<\/p>\n\n<p class=\"has-text-align-center\">La lumi\u00e8re p\u00e9n\u00e8tre la surface, la r\u00e9ponse est si simple, aussi simple qu&rsquo;un grain de rien.<br>La coh\u00e9rence n&rsquo;est pas une finalit\u00e9 mais une partie de la finitude.<br>Il n&rsquo;y a finalement aucun danger \u00e0 ne pas saisir le sens d&rsquo;un phras\u00e9 de la grande partition.<br>Ce document atteste de l&rsquo;inaccessibilit\u00e9 d&rsquo;un sens plus grand, l\u00e0 o\u00f9 les sens se fondent dans l&rsquo;essence, laissant les lestes des sentiments.<\/p>\n\n<p class=\"has-text-align-center\">Mais le miracle est pourtant de vivre dans la mati\u00e8re, \u00e0 un endroit o\u00f9 l&rsquo;immense habite le dense.<br>C&rsquo;est la danse d&rsquo;\u00eatre ici.<\/p>\n<p class=\"has-text-align-right\">JP<\/p>\n<\/details>\n\n<!-- ------------------------------------------------------------- -->\n             <!-- L'\u00e9l\u00e9phant -->\n\n<details>\n<summary>\n<h2 class=\"wp-block-heading has-text-align-center\">L&rsquo;\u00e9l\u00e9phant<\/h2>\n<\/summary>\n\n<!-- wp:columns -->\n<div class=\"wp-block-columns\">\n<!-- wp:column -->\n\n<div class=\"wp-block-column\" style=\"flex-basis:50.00%\">\n\n<p class=\"has-text-align-center\">Avec mon c\u0153ur d&rsquo;enfant<br>Il me prend et me ch\u00e2le<br>Sur son dos d&rsquo;\u00e9l\u00e9phant<br>C&rsquo;est mon p\u00e8re id\u00e9al<\/p>\n<p class=\"has-text-align-center\">Jouant pendant des heures<br>Il partage mes joies<br>Se r\u00e9jouit du bonheur<br>Qui s&rsquo;\u00e9coule en moi<\/p>\n<p class=\"has-text-align-center\">Quand je suis tout triste<br>Sans qu&rsquo;il ne me console<br>Me dit que, sans risques<br>Quelque chose s&rsquo;envole<\/p>\n<p class=\"has-text-align-center\">Il entend ma col\u00e8re<br>Avec curiosit\u00e9<br>Le besoin derri\u00e8re<br>Cette animosit\u00e9<\/p>\n<p class=\"has-text-align-center\">Il m&rsquo;enlace de ses ailes<br>Quand m&rsquo;assaille la peur<\/p><\/p><\/p>\n<\/div>\n<!-- \/wp:column -->\n\n<div class=\"wp-block-column\" style=\"flex-basis:50.00%\">\n<p class=\"has-text-align-center\">Et place \u00e0 c\u00f4t\u00e9 d&rsquo;elle<br>Un refuge d&rsquo;ampleur<\/p>\n<p class=\"has-text-align-center\">Il \u00e9coute et comprend<br>Mes d\u00e9go\u00fbts, mes grimaces<br>Tout aussi important<br>Ce n&rsquo;est pas une farce<\/p>\n<p class=\"has-text-align-center\">Il m&rsquo;invite \u00e0 confier<br>Un sens inestim\u00e9<br>Aux passions et se fier<br>\u00c0 leurs sagesses inn\u00e9es<\/p>\n<p class=\"has-text-align-center\">Il me laisse explorer<br>Le monde qui m&rsquo;entoure<br>Mais sait me prot\u00e9ger<br>Des emb\u00fbches alentours<\/p>\n<p class=\"has-text-align-center\">C&rsquo;est un p\u00e8re qui m&rsquo;aime<br>D\u00e9couvrant dans ses yeux<br>Car il s&rsquo;aime lui-m\u00eame<br>L&rsquo;infini merveilleux<\/p>\n<p class=\"has-text-align-right\">JP<\/p>\n<\/div>\n<!-- \/wp:columns -->\n<\/div>\n<!-- \/wp:post-content -->\n\n<\/details>\n\n<!-- ------------------------------------------------------------------------ -->\n             <!-- Changement d'\u00e9tat -->\n\n<details>\n<summary>\n<h2 class=\"wp-block-heading has-text-align-center\">Changement d&rsquo;\u00e9tat<\/h2>\n<\/summary>\n\n<!-- wp:columns -->\n<div class=\"wp-block-columns\">\n<!-- wp:column -->\n\n<div class=\"wp-block-column\" style=\"flex-basis:50.00%\">\n\n<p class=\"has-text-align-center\">Ici, je reste accroch\u00e9<br>La stabilit\u00e9 \u00e0 approcher<br>L&rsquo;immobilit\u00e9 est mon projet<br>Mais quelque chose que je n&rsquo;ai pas pig\u00e9<\/p>\n<p class=\"has-text-align-center\">Car autour de moi<br>Au fil des mois<br>Des sens en \u00e9moi<br>Et moi qui larmoie<\/p>\n<p class=\"has-text-align-center\">Alors je t\u00e2te le flux<br>Sous le superflu<br>Un courant flou<br>Que les c\u0153urs renflouent<\/p><\/p><\/p>\n<\/div>\n<!-- \/wp:column -->\n\n<div class=\"wp-block-column\" style=\"flex-basis:50.00%\">\n<p class=\"has-text-align-center\">Je me laisse aller<br>Dans les mar\u00e9es au go\u00fbt sal\u00e9<br>Je me laisse emporter<br>Des mondes humains import\u00e9s<\/p>\n<p class=\"has-text-align-center\">R\u00e9int\u00e9grant le vivant<br>Plaisir enivrant<br>O\u00f9 tout est en mouvement<br>\u00c9voluant collectivement<\/p>\n<p class=\"has-text-align-center\">Avec l&rsquo;aide de la curiosit\u00e9<br>J&rsquo;exp\u00e9rimente la porosit\u00e9<br>Entre l&rsquo;abri de ma maison<br>Et les cycles des saisons<\/p>\n<p class=\"has-text-align-right\">JP<\/p>\n<\/div>\n<!-- \/wp:columns -->\n<\/div>\n<!-- \/wp:post-content -->\n\n<\/details>\n\n<\/div><!-- classe emergence ","protected":false},"excerpt":{"rendered":"<p>Alexandrins pour s&rsquo;aider \u00e0 grandir Enfant on m&rsquo;a dit que je devais bien faireMais rapidement c&rsquo;est devenu un enferLes d\u00e9sirs des autres, la peur de d\u00e9cevoirQuitter ce dessin noir, s&rsquo;affranchir du devoir Vers de nouveaux chemins, d\u2019une voix lumineuse\u00c9viter qu&rsquo;\u00e0 la fin la mine soit hideuseDu visage marqu\u00e9, souvenir qui se plaintAux rides rieuses et [&hellip;]<\/p>\n","protected":false},"author":1,"featured_media":0,"parent":0,"menu_order":0,"comment_status":"closed","ping_status":"closed","template":"","meta":{"footnotes":""},"class_list":["post-720","page","type-page","status-publish","hentry","entry"],"_links":{"self":[{"href":"https:\/\/www.jeremieprou.fr\/index.php\/wp-json\/wp\/v2\/pages\/720","targetHints":{"allow":["GET"]}}],"collection":[{"href":"https:\/\/www.jeremieprou.fr\/index.php\/wp-json\/wp\/v2\/pages"}],"about":[{"href":"https:\/\/www.jeremieprou.fr\/index.php\/wp-json\/wp\/v2\/types\/page"}],"author":[{"embeddable":true,"href":"https:\/\/www.jeremieprou.fr\/index.php\/wp-json\/wp\/v2\/users\/1"}],"replies":[{"embeddable":true,"href":"https:\/\/www.jeremieprou.fr\/index.php\/wp-json\/wp\/v2\/comments?post=720"}],"version-history":[{"count":39,"href":"https:\/\/www.jeremieprou.fr\/index.php\/wp-json\/wp\/v2\/pages\/720\/revisions"}],"predecessor-version":[{"id":1069,"href":"https:\/\/www.jeremieprou.fr\/index.php\/wp-json\/wp\/v2\/pages\/720\/revisions\/1069"}],"wp:attachment":[{"href":"https:\/\/www.jeremieprou.fr\/index.php\/wp-json\/wp\/v2\/media?parent=720"}],"curies":[{"name":"wp","href":"https:\/\/api.w.org\/{rel}","templated":true}]}}