{"id":7,"date":"2026-02-13T10:43:32","date_gmt":"2026-02-13T10:43:32","guid":{"rendered":"https:\/\/www.jeremieprou.fr\/?page_id=7"},"modified":"2026-04-01T15:53:31","modified_gmt":"2026-04-01T15:53:31","slug":"menu","status":"publish","type":"page","link":"https:\/\/www.jeremieprou.fr\/","title":{"rendered":"Ma pratique"},"content":{"rendered":"<div class=\"wp-block-image\">\n<figure class=\"aligncenter size-full is-resized\"><a href=\"https:\/\/www.jeremieprou.fr\/index.php\/mon-parcours\/\"><img decoding=\"async\" src=\"http:\/\/www.jeremieprou.fr\/wp-content\/uploads\/2026\/03\/portrait_5.png\" alt=\"\" class=\"wp-image-854\" style=\"aspect-ratio:1.0411550528721385;width:275px;height:auto\"\/><\/a><\/figure>\n<\/div>\n\n\n<h2 class=\"wp-block-heading has-text-align-center\">La th\u00e9rapie<\/h2>\n\n\n\n<p class=\"has-text-align-center\">\u00c0 travers un travail verbal et\/ou corporel, nous explorons ensemble les <strong>mouvements du corps et de la psych\u00e9<\/strong>.<\/p>\n\n\n\n<p class=\"has-text-align-center\">En partant de la situation de la personne, nous investiguons les <strong>blocages du v\u00e9cu<\/strong> pour lever les freins \u00e0 son \u00e9panouissement.<\/p>\n\n\n\n<p class=\"has-text-align-center\">Par un juste acc\u00e8s aux sensations et aux \u00e9motions, nous ouvrons un <strong>espace<\/strong> o\u00f9 s\u2019op\u00e8rent les <strong>transformations<\/strong> essentielles qui conduisent vers un mieux \u00eatre.<\/p>\n\n\n\n<div style=\"height:50px\" aria-hidden=\"true\" class=\"wp-block-spacer\"><\/div>\n\n\n\n<h2 class=\"wp-block-heading has-text-align-center\">Les massages<\/h2>\n\n\n\n<p class=\"has-text-align-center\">Selon les besoins, le travail peut se faire par le massage, ce qui favorise une <strong>reconnexion \u00e0 soi <\/strong>et une remise en mouvement des <strong>processus d\u2019autor\u00e9gulation<\/strong>.<\/p>\n\n\n\n<p class=\"has-text-align-center\">Les massages s\u2019adaptent aux besoins du corps, en apportant <strong>tonus<\/strong> ou <strong>d\u00e9tente<\/strong>.<\/p>\n\n\n\n<p class=\"has-text-align-center\">C&rsquo;est en respectant les <strong>rythmes du corps<\/strong> que nous cheminons ensemble vers une plus juste relation \u00e0 soi-m\u00eame et aux autres.<\/p>\n\n\n\n<div style=\"height:27px\" aria-hidden=\"true\" class=\"wp-block-spacer\"><\/div>\n\n\n\n<div class=\"wp-block-button is-content-justification-center is-layout-flex wp-container-core-buttons-is-layout-16018d1d wp-block-buttons-is-layout-flex\">\n<div class=\"wp-block-button\"><a href=\"https:\/\/www.jeremieprou.fr\/index.php\/offre-client-temoins\/\"\nclass=\"wp-block-button__link my-btn wp-element-button\">\ud83d\udc86\u200d\u2642\ufe0f 10 s\u00e9ances de massage \u00e0 25\u20ac<\/a><\/div>\n<\/div>\n\n\n\n<div style=\"height:65px\" aria-hidden=\"true\" class=\"wp-block-spacer\"><\/div>\n\n\n\n<div class=\"wp-block-columns is-layout-flex wp-container-core-columns-is-layout-9d6595d7 wp-block-columns-is-layout-flex\">\n<div class=\"wp-block-column is-layout-flow wp-block-column-is-layout-flow\">\n<a href=\"https:\/\/www.jeremieprou.fr\/index.php\/seances-a-montpellier\/\" style=\"display:block; text-decoration:none;\">\n\n<div class=\"wp-block-cover aligncenter\" style=\"min-height:180px;max-width:400px;aspect-ratio:unset;\";><img loading=\"lazy\" decoding=\"async\" width=\"496\" height=\"312\" class=\"wp-block-cover__image-background wp-image-173\" alt=\"\" src=\"https:\/\/www.jeremieprou.fr\/wp-content\/uploads\/2026\/02\/Peyrou_1.1.png\" data-object-fit=\"cover\" srcset=\"https:\/\/www.jeremieprou.fr\/wp-content\/uploads\/2026\/02\/Peyrou_1.1.png 496w, https:\/\/www.jeremieprou.fr\/wp-content\/uploads\/2026\/02\/Peyrou_1.1-300x189.png 300w\" sizes=\"auto, (max-width: 496px) 100vw, 496px\" \/><span aria-hidden=\"true\" class=\"wp-block-cover__background has-background-dim\"><\/span><div class=\"wp-block-cover__inner-container is-layout-flow wp-block-cover-is-layout-flow\">\n\n<p class=\"has-text-align-center\" style=\"font-size:25px;\">S\u00e9ances \u00e0<\/p>\n\n\n<p class=\"has-text-align-center\" style=\"font-size:25px;\">Montpellier<\/p>\n\n<\/div><\/div>\n<\/a>\n\n<\/div>\n\n\n\n<div class=\"wp-block-column is-layout-flow wp-block-column-is-layout-flow\">\n<a href=\"https:\/\/www.jeremieprou.fr\/index.php\/seances-a-vernet-les-bains\/\" style=\"display:block; text-decoration:none;\">\n\n<div class=\"wp-block-cover aligncenter\" style=\"min-height:180px;max-width:400px;aspect-ratio:unset;\"><img loading=\"lazy\" decoding=\"async\" width=\"497\" height=\"311\" class=\"wp-block-cover__image-background wp-image-180\" alt=\"\" src=\"https:\/\/www.jeremieprou.fr\/wp-content\/uploads\/2026\/02\/canigou_2.2-2.png\" data-object-fit=\"cover\" srcset=\"https:\/\/www.jeremieprou.fr\/wp-content\/uploads\/2026\/02\/canigou_2.2-2.png 497w, https:\/\/www.jeremieprou.fr\/wp-content\/uploads\/2026\/02\/canigou_2.2-2-300x188.png 300w\" sizes=\"auto, (max-width: 497px) 100vw, 497px\" \/><span aria-hidden=\"true\" class=\"wp-block-cover__background has-background-dim\"><\/span><div class=\"wp-block-cover__inner-container is-layout-flow wp-block-cover-is-layout-flow\">\n\n<p class=\"has-text-align-center\" style=\"font-size:25px;\">S\u00e9ances dans<\/p>\n\n\n<p class=\"has-text-align-center\" style=\"font-size:25px;\">le Conflent<\/p>\n\n<\/div><\/div>\n\n<\/div>\n<\/a>\n<\/div>\n\n\n<div style=\"height:80px\" aria-hidden=\"true\" class=\"wp-block-spacer\"><\/div>\n<div class=\"wp-block-button\">\n  <a href=\"https:\/\/www.jeremieprou.fr\/index.php\/contact\/\"\n     class=\"wp-block-button__link my-btn has-text-align-center wp-element-button\">contact<\/a>\n<\/div>","protected":false},"excerpt":{"rendered":"<p>La th\u00e9rapie \u00c0 travers un travail verbal et\/ou corporel, nous explorons ensemble les mouvements du corps et de la psych\u00e9. En partant de la situation de la personne, nous investiguons les blocages du v\u00e9cu pour lever les freins \u00e0 son \u00e9panouissement. Par un juste acc\u00e8s aux sensations et aux \u00e9motions, nous ouvrons un espace o\u00f9 [&hellip;]<\/p>\n","protected":false},"author":1,"featured_media":0,"parent":0,"menu_order":0,"comment_status":"closed","ping_status":"closed","template":"","meta":{"footnotes":""},"class_list":["post-7","page","type-page","status-publish","hentry","entry"],"_links":{"self":[{"href":"https:\/\/www.jeremieprou.fr\/index.php\/wp-json\/wp\/v2\/pages\/7","targetHints":{"allow":["GET"]}}],"collection":[{"href":"https:\/\/www.jeremieprou.fr\/index.php\/wp-json\/wp\/v2\/pages"}],"about":[{"href":"https:\/\/www.jeremieprou.fr\/index.php\/wp-json\/wp\/v2\/types\/page"}],"author":[{"embeddable":true,"href":"https:\/\/www.jeremieprou.fr\/index.php\/wp-json\/wp\/v2\/users\/1"}],"replies":[{"embeddable":true,"href":"https:\/\/www.jeremieprou.fr\/index.php\/wp-json\/wp\/v2\/comments?post=7"}],"version-history":[{"count":143,"href":"https:\/\/www.jeremieprou.fr\/index.php\/wp-json\/wp\/v2\/pages\/7\/revisions"}],"predecessor-version":[{"id":1111,"href":"https:\/\/www.jeremieprou.fr\/index.php\/wp-json\/wp\/v2\/pages\/7\/revisions\/1111"}],"wp:attachment":[{"href":"https:\/\/www.jeremieprou.fr\/index.php\/wp-json\/wp\/v2\/media?parent=7"}],"curies":[{"name":"wp","href":"https:\/\/api.w.org\/{rel}","templated":true}]}}