{"id":386,"date":"2026-02-15T10:40:31","date_gmt":"2026-02-15T10:40:31","guid":{"rendered":"https:\/\/www.jeremieprou.fr\/?page_id=386"},"modified":"2026-02-15T13:28:07","modified_gmt":"2026-02-15T13:28:07","slug":"mentions-complementaires","status":"publish","type":"page","link":"https:\/\/www.jeremieprou.fr\/index.php\/mentions-complementaires\/","title":{"rendered":"Mentions compl\u00e9mentaires"},"content":{"rendered":"\n<h3 class=\"wp-block-heading has-text-align-center\">D\u00e9ontologie<\/h3>\n\n\n\n<h4 class=\"wp-block-heading\">Confidentialit\u00e9<\/h4>\n\n\n\n<p>Le v\u00e9cu et les partages qui lors des s\u00e9ances sont soumis \u00e0 la discr\u00e9tion du th\u00e9rapeute et ne sont en aucun cas divulgu\u00e9s \u00e0 un tiers (sauf en cas de supervision et de mani\u00e8re anonyme).<\/p>\n\n\n\n<h4 class=\"wp-block-heading\">Supervision<\/h4>\n\n\n\n<p>Le th\u00e9rapeute est engag\u00e9 dans un suivi r\u00e9gulier de sa pratique par un superviseur form\u00e9 et habilit\u00e9 \u00e0 conseiller et orienter, si besoin, les m\u00e9thodes utilis\u00e9es.<\/p>\n\n\n\n<h4 class=\"wp-block-heading\">Clause de non-substitution m\u00e9dicale<\/h4>\n\n\n\n<p>Le suivi th\u00e9rapeutique propos\u00e9 ne se substitue pas \u00e0 un suivi m\u00e9dical.<\/p>\n\n\n\n<h3 class=\"wp-block-heading has-text-align-center\">Mentions l\u00e9gales<\/h3>\n\n\n\n<h4 class=\"wp-block-heading\">Statut<\/h4>\n\n\n\n<p>Au fil de soi<\/p>\n\n\n\n<p>Entreprise individuelle<\/p>\n\n\n\n<p>59 boulevard Cl\u00e9menceau<\/p>\n\n\n\n<p>66820 Vernet-les-Bains<\/p>\n\n\n\n<p>jeremieprou@gmail.com<\/p>\n\n\n\n<h4 class=\"wp-block-heading\">H\u00e9bergement<\/h4>\n\n\n\n<p>OVHcloud<\/p>\n\n\n\n<h4 class=\"wp-block-heading\">Cookies<\/h4>\n\n\n\n<p>Ce site utilise uniquement des cookies strictement n\u00e9cessaires \u00e0 son bon fonctionnement.<\/p>\n\n\n\n<p><\/p>\n","protected":false},"excerpt":{"rendered":"<p>D\u00e9ontologie Confidentialit\u00e9 Le v\u00e9cu et les partages qui lors des s\u00e9ances sont soumis \u00e0 la discr\u00e9tion du th\u00e9rapeute et ne sont en aucun cas divulgu\u00e9s \u00e0 un tiers (sauf en cas de supervision et de mani\u00e8re anonyme). Supervision Le th\u00e9rapeute est engag\u00e9 dans un suivi r\u00e9gulier de sa pratique par un superviseur form\u00e9 et habilit\u00e9 [&hellip;]<\/p>\n","protected":false},"author":1,"featured_media":0,"parent":0,"menu_order":0,"comment_status":"closed","ping_status":"closed","template":"","meta":{"footnotes":""},"class_list":["post-386","page","type-page","status-publish","hentry","entry"],"_links":{"self":[{"href":"https:\/\/www.jeremieprou.fr\/index.php\/wp-json\/wp\/v2\/pages\/386","targetHints":{"allow":["GET"]}}],"collection":[{"href":"https:\/\/www.jeremieprou.fr\/index.php\/wp-json\/wp\/v2\/pages"}],"about":[{"href":"https:\/\/www.jeremieprou.fr\/index.php\/wp-json\/wp\/v2\/types\/page"}],"author":[{"embeddable":true,"href":"https:\/\/www.jeremieprou.fr\/index.php\/wp-json\/wp\/v2\/users\/1"}],"replies":[{"embeddable":true,"href":"https:\/\/www.jeremieprou.fr\/index.php\/wp-json\/wp\/v2\/comments?post=386"}],"version-history":[{"count":4,"href":"https:\/\/www.jeremieprou.fr\/index.php\/wp-json\/wp\/v2\/pages\/386\/revisions"}],"predecessor-version":[{"id":544,"href":"https:\/\/www.jeremieprou.fr\/index.php\/wp-json\/wp\/v2\/pages\/386\/revisions\/544"}],"wp:attachment":[{"href":"https:\/\/www.jeremieprou.fr\/index.php\/wp-json\/wp\/v2\/media?parent=386"}],"curies":[{"name":"wp","href":"https:\/\/api.w.org\/{rel}","templated":true}]}}