{"id":37,"date":"2026-02-13T11:46:57","date_gmt":"2026-02-13T11:46:57","guid":{"rendered":"https:\/\/www.jeremieprou.fr\/?page_id=37"},"modified":"2026-03-18T21:16:29","modified_gmt":"2026-03-18T21:16:29","slug":"mon-parcours","status":"publish","type":"page","link":"https:\/\/www.jeremieprou.fr\/index.php\/mon-parcours\/","title":{"rendered":"Parcours"},"content":{"rendered":"\n<h2 class=\"wp-block-heading has-text-align-center\">Pr\u00e9misses<\/h2>\n\n\n\n<p class=\"has-text-align-center\">Vers le milieu de l&rsquo;adolescence, la pratique de l&rsquo;a\u00efkido, de la m\u00e9ditation et la lecture d&rsquo;ouvrages de philosophie et de psychologie sont venues nourrir ma curiosit\u00e9 et donner du sens \u00e0 mon besoin de comprendre le monde.<\/p>\n\n\n\n<div style=\"height:50px\" aria-hidden=\"true\" class=\"wp-block-spacer\"><\/div>\n\n\n\n<h2 class=\"wp-block-heading has-text-align-center\">Explorations<\/h2>\n\n\n\n<p class=\"has-text-align-center\">Je pensais saisir les fondements du vivant par une approche rationnelle mais apr\u00e8s un dipl\u00f4me en biologie mol\u00e9culaire, le myst\u00e8re restait entier. Gr\u00e2ce \u00e0 un dipl\u00f4me en philosophie des sciences, j&rsquo;admis r\u00e9solument que la m\u00e9thode scientifique m&rsquo;\u00e9tait insuffisante pour appr\u00e9hender l&rsquo;existence.<\/p>\n\n\n\n<p class=\"has-text-align-center\">En parall\u00e8le et par la suite, j&rsquo;ai pu affiner ma sensibilit\u00e9 au travers diff\u00e9rentes approches (m\u00e9ditation bouddhique, m\u00e9decine des plantes, Biodanza, tantra, transe danse, danse sensorielle, pratiques ess\u00e9niennes et chamaniques). Enfin, ce sont les th\u00e9rapies psychocorporelles, que j&rsquo;exp\u00e9rimente depuis plus de 10 ans, qui m&rsquo;ont amen\u00e9 vers plus de paix et de connaissance de soi.<\/p>\n\n\n\n<div style=\"height:50px\" aria-hidden=\"true\" class=\"wp-block-spacer\"><\/div>\n\n\n\n<h2 class=\"wp-block-heading has-text-align-center\">Sp\u00e9cialisation<\/h2>\n\n\n\n<p class=\"has-text-align-center\">La <a href=\"https:\/\/psychologie-biodynamique.com\/\" target=\"_blank\" rel=\"noreferrer noopener\">psychologie Biodynamique<\/a> est, selon moi, particuli\u00e8rement efficace pour susciter des changements justes, car elle respecte le rythme de chacun tout en touchant directement l\u2019essence de la personne. J&rsquo;ai donc suivi le cycle I de l&rsquo;\u00c9cole de Psychologie Biodynamique \u00e0 Montpellier et je suis actuellement en train de terminer le cycle II.<\/p>\n","protected":false},"excerpt":{"rendered":"<p>Pr\u00e9misses Vers le milieu de l&rsquo;adolescence, la pratique de l&rsquo;a\u00efkido, de la m\u00e9ditation et la lecture d&rsquo;ouvrages de philosophie et de psychologie sont venues nourrir ma curiosit\u00e9 et donner du sens \u00e0 mon besoin de comprendre le monde. Explorations Je pensais saisir les fondements du vivant par une approche rationnelle mais apr\u00e8s un dipl\u00f4me en [&hellip;]<\/p>\n","protected":false},"author":1,"featured_media":0,"parent":0,"menu_order":0,"comment_status":"closed","ping_status":"closed","template":"","meta":{"footnotes":""},"class_list":["post-37","page","type-page","status-publish","hentry","entry"],"_links":{"self":[{"href":"https:\/\/www.jeremieprou.fr\/index.php\/wp-json\/wp\/v2\/pages\/37","targetHints":{"allow":["GET"]}}],"collection":[{"href":"https:\/\/www.jeremieprou.fr\/index.php\/wp-json\/wp\/v2\/pages"}],"about":[{"href":"https:\/\/www.jeremieprou.fr\/index.php\/wp-json\/wp\/v2\/types\/page"}],"author":[{"embeddable":true,"href":"https:\/\/www.jeremieprou.fr\/index.php\/wp-json\/wp\/v2\/users\/1"}],"replies":[{"embeddable":true,"href":"https:\/\/www.jeremieprou.fr\/index.php\/wp-json\/wp\/v2\/comments?post=37"}],"version-history":[{"count":29,"href":"https:\/\/www.jeremieprou.fr\/index.php\/wp-json\/wp\/v2\/pages\/37\/revisions"}],"predecessor-version":[{"id":1066,"href":"https:\/\/www.jeremieprou.fr\/index.php\/wp-json\/wp\/v2\/pages\/37\/revisions\/1066"}],"wp:attachment":[{"href":"https:\/\/www.jeremieprou.fr\/index.php\/wp-json\/wp\/v2\/media?parent=37"}],"curies":[{"name":"wp","href":"https:\/\/api.w.org\/{rel}","templated":true}]}}