{"id":1081,"date":"2026-04-01T12:31:16","date_gmt":"2026-04-01T12:31:16","guid":{"rendered":"https:\/\/www.jeremieprou.fr\/?page_id=1081"},"modified":"2026-04-02T14:54:47","modified_gmt":"2026-04-02T14:54:47","slug":"offre-client-temoins","status":"publish","type":"page","link":"https:\/\/www.jeremieprou.fr\/index.php\/offre-client-temoins\/","title":{"rendered":"Offre client t\u00e9moins"},"content":{"rendered":"\n<figure class=\"wp-block-image size-large\"><img decoding=\"async\" src=\"http:\/\/www.jeremieprou.fr\/wp-content\/uploads\/2026\/04\/Plaquette-\u2013-Client-Temoin-\u2013-Jeremie-Prou.jpg\" alt=\"\"\/><\/figure>\n\n\n\n<div data-wp-interactive=\"core\/file\" class=\"wp-block-file\"><object data-wp-bind--hidden=\"!state.hasPdfPreview\" hidden class=\"wp-block-file__embed\" data=\"http:\/\/www.jeremieprou.fr\/wp-content\/uploads\/2026\/04\/Plaquette_Client-Temoin_Jeremie-Prou.pdf\" type=\"application\/pdf\" style=\"width:100%;height:600px\" aria-label=\"Contenu embarqu\u00e9 Plaquette_Client T\u00e9moin_J\u00e9r\u00e9mie Prou.\"><\/object><a id=\"wp-block-file--media-a7cf0cb8-2ff6-42ff-9491-04cc60fa276e\" href=\"http:\/\/www.jeremieprou.fr\/wp-content\/uploads\/2026\/04\/Plaquette_Client-Temoin_Jeremie-Prou.pdf\">Plaquette_Client T\u00e9moin_J\u00e9r\u00e9mie Prou<\/a><a href=\"http:\/\/www.jeremieprou.fr\/wp-content\/uploads\/2026\/04\/Plaquette_Client-Temoin_Jeremie-Prou.pdf\" class=\"wp-block-file__button wp-element-button\" download aria-describedby=\"wp-block-file--media-a7cf0cb8-2ff6-42ff-9491-04cc60fa276e\">T\u00e9l\u00e9charger<\/a><\/div>\n\n\n\n<p><\/p>\n","protected":false},"excerpt":{"rendered":"","protected":false},"author":1,"featured_media":0,"parent":0,"menu_order":0,"comment_status":"closed","ping_status":"closed","template":"","meta":{"footnotes":""},"class_list":["post-1081","page","type-page","status-publish","hentry","entry"],"_links":{"self":[{"href":"https:\/\/www.jeremieprou.fr\/index.php\/wp-json\/wp\/v2\/pages\/1081","targetHints":{"allow":["GET"]}}],"collection":[{"href":"https:\/\/www.jeremieprou.fr\/index.php\/wp-json\/wp\/v2\/pages"}],"about":[{"href":"https:\/\/www.jeremieprou.fr\/index.php\/wp-json\/wp\/v2\/types\/page"}],"author":[{"embeddable":true,"href":"https:\/\/www.jeremieprou.fr\/index.php\/wp-json\/wp\/v2\/users\/1"}],"replies":[{"embeddable":true,"href":"https:\/\/www.jeremieprou.fr\/index.php\/wp-json\/wp\/v2\/comments?post=1081"}],"version-history":[{"count":9,"href":"https:\/\/www.jeremieprou.fr\/index.php\/wp-json\/wp\/v2\/pages\/1081\/revisions"}],"predecessor-version":[{"id":1126,"href":"https:\/\/www.jeremieprou.fr\/index.php\/wp-json\/wp\/v2\/pages\/1081\/revisions\/1126"}],"wp:attachment":[{"href":"https:\/\/www.jeremieprou.fr\/index.php\/wp-json\/wp\/v2\/media?parent=1081"}],"curies":[{"name":"wp","href":"https:\/\/api.w.org\/{rel}","templated":true}]}}